{"id":3968,"date":"2017-02-10T00:56:02","date_gmt":"2017-02-09T18:56:02","guid":{"rendered":"http:\/\/lebenrolle.de\/?page_id=3968"},"modified":"2018-01-06T19:57:40","modified_gmt":"2018-01-06T13:57:40","slug":"poesiealbum","status":"publish","type":"page","link":"https:\/\/lebenrolle.de\/?page_id=3968","title":{"rendered":"Poesiealbum"},"content":{"rendered":"<p>Eine feine Sammlung von Poesie und Bildern. Zum Genie\u00dfen und Schwelgen in W\u00f6rtern, Gedanken und Augenblicken. <\/p>\n<figure id=\"attachment_4229\" aria-describedby=\"caption-attachment-4229\" style=\"width: 4928px\" class=\"wp-caption aligncenter\"><a href=\"https:\/\/lebenrolle.de\/wp-content\/uploads\/2017\/02\/DSC_1067-Bearbeitet.jpg\"><img loading=\"lazy\" decoding=\"async\" src=\"https:\/\/lebenrolle.de\/wp-content\/uploads\/2017\/02\/DSC_1067-Bearbeitet.jpg\" alt=\"Nebelschwaden\" width=\"4928\" height=\"3280\" class=\"size-full wp-image-4229\" srcset=\"https:\/\/lebenrolle.de\/wp-content\/uploads\/2017\/02\/DSC_1067-Bearbeitet.jpg 4928w, https:\/\/lebenrolle.de\/wp-content\/uploads\/2017\/02\/DSC_1067-Bearbeitet-300x200.jpg 300w, https:\/\/lebenrolle.de\/wp-content\/uploads\/2017\/02\/DSC_1067-Bearbeitet-768x511.jpg 768w, https:\/\/lebenrolle.de\/wp-content\/uploads\/2017\/02\/DSC_1067-Bearbeitet-1800x1198.jpg 1800w, https:\/\/lebenrolle.de\/wp-content\/uploads\/2017\/02\/DSC_1067-Bearbeitet-451x300.jpg 451w\" sizes=\"auto, (max-width: 4928px) 100vw, 4928px\" \/><\/a><figcaption id=\"caption-attachment-4229\" class=\"wp-caption-text\">Nebel am Berg<\/figcaption><\/figure>\n<p>Weg im Nebel<\/p>\n<p>Nun wird die Spur der F\u00fc\u00dfe langsam ungetan,<br \/>\nUnd aus der Tiefe, aus der tiefen Tiefe steigt<br \/>\nDas Tr\u00fcbe, schwadengrauer Nebel himmelan.<\/p>\n<p>Nun wird der Augen-Aufblick langsam leer,<br \/>\nUnd aus der H\u00f6he, aus der hohen H\u00f6he neigt<br \/>\nDie Wolke sich, sinkt Nebel erdw\u00e4rts schwer.<\/p>\n<p>Nun dr\u00e4ngt zu dem verwandten Un-Gesicht<br \/>\nDas Wesenlose aus den fahlen Gr\u00fcnden<br \/>\nUnd hebt sich sehnend ins vers\u00e4umte Licht.<\/p>\n<p>Nun flieht, was war: es fliehen Busch und Baum,<br \/>\nFlieh&#8217;n Berg und Tal, die sich zur Flucht verb\u00fcnden,<br \/>\nEs fliehst du, Herz. Es floh&#8217;n die Zeit, der Raum.<\/p>\n<p>Land wurde Meer. Meer wurde schw\u00e4lend Schaum.<br \/>\nIhn schl\u00fcrft, sich fr\u00f6stelnd zu entz\u00fcnden,<br \/>\nDas ungelebte Leben und der ungetr\u00e4umte Traum.<\/p>\n<p>\u00a9 Maria Luise Weissmann<\/p>\n<figure id=\"attachment_4008\" aria-describedby=\"caption-attachment-4008\" style=\"width: 3024px\" class=\"wp-caption aligncenter\"><a href=\"https:\/\/lebenrolle.de\/wp-content\/uploads\/2017\/02\/IMG_4049.jpg\"><img loading=\"lazy\" decoding=\"async\" src=\"https:\/\/lebenrolle.de\/wp-content\/uploads\/2017\/02\/IMG_4049.jpg\" alt=\"Birds\" width=\"3024\" height=\"3024\" class=\"size-full wp-image-4008\" srcset=\"https:\/\/lebenrolle.de\/wp-content\/uploads\/2017\/02\/IMG_4049.jpg 3024w, https:\/\/lebenrolle.de\/wp-content\/uploads\/2017\/02\/IMG_4049-150x150.jpg 150w, https:\/\/lebenrolle.de\/wp-content\/uploads\/2017\/02\/IMG_4049-300x300.jpg 300w, https:\/\/lebenrolle.de\/wp-content\/uploads\/2017\/02\/IMG_4049-768x768.jpg 768w, https:\/\/lebenrolle.de\/wp-content\/uploads\/2017\/02\/IMG_4049-1800x1800.jpg 1800w\" sizes=\"auto, (max-width: 3024px) 100vw, 3024px\" \/><\/a><figcaption id=\"caption-attachment-4008\" class=\"wp-caption-text\">Ausflug in Freiheit<\/figcaption><\/figure>\n<p>Die Gabe<\/p>\n<p> Eines Tages<br \/>\n Fl\u00fcgel erfinden<br \/>\n Wegfliegen<br \/>\n Morgens enteilen<\/p>\n<p> Oder einfach<br \/>\n An Fl\u00fcgellose<br \/>\n Je<br \/>\n Eine Feder<br \/>\n Verteilen.<\/p>\n<p>\u00a9 Wjatscheslaw Kuprijanow<\/p>\n<figure id=\"attachment_3996\" aria-describedby=\"caption-attachment-3996\" style=\"width: 2048px\" class=\"wp-caption aligncenter\"><a href=\"https:\/\/lebenrolle.de\/wp-content\/uploads\/2017\/02\/Mathe02.jpg\"><img loading=\"lazy\" decoding=\"async\" src=\"https:\/\/lebenrolle.de\/wp-content\/uploads\/2017\/02\/Mathe02.jpg\" alt=\"Strandm\u00f6we\" width=\"2048\" height=\"1363\" class=\"size-full wp-image-3996\" srcset=\"https:\/\/lebenrolle.de\/wp-content\/uploads\/2017\/02\/Mathe02.jpg 2048w, https:\/\/lebenrolle.de\/wp-content\/uploads\/2017\/02\/Mathe02-300x200.jpg 300w, https:\/\/lebenrolle.de\/wp-content\/uploads\/2017\/02\/Mathe02-768x511.jpg 768w, https:\/\/lebenrolle.de\/wp-content\/uploads\/2017\/02\/Mathe02-1800x1198.jpg 1800w, https:\/\/lebenrolle.de\/wp-content\/uploads\/2017\/02\/Mathe02-451x300.jpg 451w\" sizes=\"auto, (max-width: 2048px) 100vw, 2048px\" \/><\/a><figcaption id=\"caption-attachment-3996\" class=\"wp-caption-text\">Verfliegt mit jeder Welle.<\/figcaption><\/figure>\n<p>Die M\u00f6we und mein Herz<\/p>\n<p> Hin gen Norden zieht die M\u00f6we,<br \/>\n Hin gen Norden zieht mein Herz;<br \/>\n Fliegen beide aus mitsammen,<br \/>\n Fliegen beide heimatw\u00e4rts.<\/p>\n<p> Ruhig, Herz! du bist zur Stelle;<br \/>\n Flogst gar rasch die weite Bahn \u2013<br \/>\n Und die M\u00f6we schwebt noch rudernd<br \/>\n \u00dcberm weiten Ozean.<\/p>\n<p>Theodor Storm<br \/>\n(1817 &#8211; 1888) deutscher Jurist, Dichter und Novellist<\/p>\n<figure id=\"attachment_3975\" aria-describedby=\"caption-attachment-3975\" style=\"width: 4928px\" class=\"wp-caption aligncenter\"><a href=\"https:\/\/lebenrolle.de\/wp-content\/uploads\/2017\/02\/DSC_1397_b-1.jpg\"><img loading=\"lazy\" decoding=\"async\" src=\"https:\/\/lebenrolle.de\/wp-content\/uploads\/2017\/02\/DSC_1397_b-1.jpg\" alt=\"Blumen\" width=\"4928\" height=\"3280\" class=\"size-full wp-image-3975\" srcset=\"https:\/\/lebenrolle.de\/wp-content\/uploads\/2017\/02\/DSC_1397_b-1.jpg 4928w, https:\/\/lebenrolle.de\/wp-content\/uploads\/2017\/02\/DSC_1397_b-1-300x200.jpg 300w, https:\/\/lebenrolle.de\/wp-content\/uploads\/2017\/02\/DSC_1397_b-1-768x511.jpg 768w, https:\/\/lebenrolle.de\/wp-content\/uploads\/2017\/02\/DSC_1397_b-1-1800x1198.jpg 1800w, https:\/\/lebenrolle.de\/wp-content\/uploads\/2017\/02\/DSC_1397_b-1-451x300.jpg 451w\" sizes=\"auto, (max-width: 4928px) 100vw, 4928px\" \/><\/a><figcaption id=\"caption-attachment-3975\" class=\"wp-caption-text\">Erste Fr\u00fchlingsboten verstr\u00f6men ihren Duft.<\/figcaption><\/figure>\n<p>Im Hotelzimmer steht ein Strau\u00df mit f\u00fcnf roten Hyazinthen in einer h\u00fcbschen Vase auf dem kleinen Tisch.<br \/>\nIch l\u00e4chle.<br \/>\nEin guter Anfang.<br \/>\nDie Geschichte der Hyazinthe kenne ich. Die wunderbare Zwiebelpflanze stammt angeblich aus Griechenland. Die Mythologie erz\u00e4hlt, dass sie aus dem Blut das J\u00fcnglings Hyakinthos wuchs, der von Zephyros durch einen Diskuswurf get\u00f6tet wurde. Voller Schmerz \u00fcber diese Trag\u00f6die lie\u00df Apollon aus dem Blut von Hyakinthos eine Hyazinthe wachsen, damit er ewig weiterlebe.<br \/>\nMan sagt auch, dass eine rote Hyazinthe bedeutet: <em>Wollen Sie Liebe spielen? &#8211; mit einer Spur Erotik? <\/em><br \/>\nGiacinta war auch der heute ziemlich altmodische Vorname einer Heiligen aus dem 17. Jahrhundert, einer Nonne in Viterbo, die auf Wunsch ihrer Eltern ins Kloster gegangen war. Das Leben, das sie dort l\u00e4nger als zehn Jahre f\u00fchrte, war skandal\u00f6s.<br \/>\nSkandal\u00f6s.  <\/p>\n<p>Text aus: &#8222;Die vier Jahreszeiten des Sommers&#8220; von Gr\u00e9goire Delacourt. <\/p>\n","protected":false},"excerpt":{"rendered":"<p>Eine feine Sammlung von Poesie und Bildern. Zum Genie\u00dfen und Schwelgen in W\u00f6rtern, Gedanken und Augenblicken. Weg im Nebel Nun wird die Spur der F\u00fc\u00dfe langsam ungetan, Und aus der Tiefe, aus der tiefen Tiefe&hellip; <a href=\"https:\/\/lebenrolle.de\/?page_id=3968\">Mehr<\/a><\/p>\n","protected":false},"author":1,"featured_media":0,"parent":0,"menu_order":0,"comment_status":"closed","ping_status":"closed","template":"","meta":{"footnotes":""},"class_list":["post-3968","page","type-page","status-publish","hentry"],"_links":{"self":[{"href":"https:\/\/lebenrolle.de\/index.php?rest_route=\/wp\/v2\/pages\/3968","targetHints":{"allow":["GET"]}}],"collection":[{"href":"https:\/\/lebenrolle.de\/index.php?rest_route=\/wp\/v2\/pages"}],"about":[{"href":"https:\/\/lebenrolle.de\/index.php?rest_route=\/wp\/v2\/types\/page"}],"author":[{"embeddable":true,"href":"https:\/\/lebenrolle.de\/index.php?rest_route=\/wp\/v2\/users\/1"}],"replies":[{"embeddable":true,"href":"https:\/\/lebenrolle.de\/index.php?rest_route=%2Fwp%2Fv2%2Fcomments&post=3968"}],"version-history":[{"count":7,"href":"https:\/\/lebenrolle.de\/index.php?rest_route=\/wp\/v2\/pages\/3968\/revisions"}],"predecessor-version":[{"id":4230,"href":"https:\/\/lebenrolle.de\/index.php?rest_route=\/wp\/v2\/pages\/3968\/revisions\/4230"}],"wp:attachment":[{"href":"https:\/\/lebenrolle.de\/index.php?rest_route=%2Fwp%2Fv2%2Fmedia&parent=3968"}],"curies":[{"name":"wp","href":"https:\/\/api.w.org\/{rel}","templated":true}]}}